{"id":43,"date":"2019-04-23T00:19:55","date_gmt":"2019-04-22T22:19:55","guid":{"rendered":"http:\/\/kommet.fr\/?page_id=43"},"modified":"2023-01-09T15:32:55","modified_gmt":"2023-01-09T14:32:55","slug":"soutenir","status":"publish","type":"page","link":"https:\/\/kommet.fr\/index.php\/soutenir\/","title":{"rendered":"Soutenir"},"content":{"rendered":"\n<p><strong><span style=\"text-decoration: underline;\">ADH\u00c9RER ET SOUTENEZ LES ACTIVIT\u00c9S DE KOMMET<\/span><\/strong><\/p>\n\n\n\n<p>Pour assurer la p\u00e9rennit\u00e9 de l\u2019association, KOMMET a besoin d\u2019un syst\u00e8me de financement qui fait appel \u00e0 la g\u00e9n\u00e9rosit\u00e9 et \u00e0 l\u2019engagement de nouveaux soutiens et partenariats. Votre contribution permet de soutenir ses actions en direction des artistes \u00e9mergents (expositions, aide \u00e0 la production, projets \u00e9ditoriaux, etc.).<\/p>\n\n\n\n<p><strong>\u25cf Vous souhaitez <a href=\"https:\/\/www.helloasso.com\/associations\/kommet-lieu-d-art-contemporain\/adhesions\/adhesion-kommet-2023\" data-type=\"URL\" data-id=\"https:\/\/www.helloasso.com\/associations\/kommet-lieu-d-art-contemporain\/adhesions\/adhesion-kommet-2023\" target=\"_blank\" rel=\"noreferrer noopener\">adh\u00e9rer \u00e0 l\u2019association et soutenir la jeune cr\u00e9ation<\/a> en devenant membre de KOMMET<\/strong><\/p>\n\n\n\n<p><strong>\u25cf Vous souhaitez devenir partenaire ou effectuer un don<\/strong>  :<\/p>\n\n\n\n<p><strong>\u2192 Le m\u00e9c\u00e9nat<\/strong><br>En vertu de la loi du 1er ao\u00fbt 2003, vous b\u00e9n\u00e9ficiez d\u2019une d\u00e9duction fiscale de 60% pour les entreprises et 66% pour les particuliers. Pour un don de 100 euros, apr\u00e8s d\u00e9duction de 60%, votre don ne revient qu\u2019\u00e0 40 euros. Pour les particuliers, le don revient \u00e0 34 euros.<\/p>\n\n\n\n<p><strong>\u2192 Le parrainage<br><\/strong>\u2013 Des produits pour nos vernissages<br>\u2013 Des mat\u00e9riaux : bois, m\u00e9tal, peintures et autres mat\u00e9riels de production\u2026<br>\u2013 Des comp\u00e9tences :  informatique, expertise comptable\u2026<\/p>\n\n\n\n<p>Les d\u00e9penses de parrainage sont d\u00e9ductibles des r\u00e9sultats imposables de l\u2019entreprise.<\/p>\n\n\n\n<p>N\u2019h\u00e9sitez pas \u00e0 contacter KOMMET \u00e0 <a href=\"mailto:contact@kommet.fr\">contact@kommet.fr<\/a> ou au +0(6) 32 46 58 63 <\/p>\n\n\n\n<p>Merci et \u00e0 bient\u00f4t !<\/p>\n","protected":false},"excerpt":{"rendered":"<p>ADH\u00c9RER ET SOUTENEZ LES ACTIVIT\u00c9S DE KOMMET Pour assurer la p\u00e9rennit\u00e9 de l\u2019association, KOMMET a besoin d\u2019un syst\u00e8me de financement qui fait appel \u00e0 la g\u00e9n\u00e9rosit\u00e9 et \u00e0 l\u2019engagement de nouveaux soutiens et partenariats. Votre contribution permet de soutenir ses actions en direction des artistes \u00e9mergents (expositions, aide \u00e0 la production, projets \u00e9ditoriaux, etc.). \u25cf &hellip; <\/p>\n<p class=\"link-more\"><a href=\"https:\/\/kommet.fr\/index.php\/soutenir\/\" class=\"more-link\">Continuer la lecture<span class=\"screen-reader-text\"> de &laquo;&nbsp;Soutenir&nbsp;&raquo;<\/span><\/a><\/p>\n","protected":false},"author":2,"featured_media":0,"parent":0,"menu_order":0,"comment_status":"closed","ping_status":"closed","template":"","meta":[],"_links":{"self":[{"href":"https:\/\/kommet.fr\/index.php\/wp-json\/wp\/v2\/pages\/43"}],"collection":[{"href":"https:\/\/kommet.fr\/index.php\/wp-json\/wp\/v2\/pages"}],"about":[{"href":"https:\/\/kommet.fr\/index.php\/wp-json\/wp\/v2\/types\/page"}],"author":[{"embeddable":true,"href":"https:\/\/kommet.fr\/index.php\/wp-json\/wp\/v2\/users\/2"}],"replies":[{"embeddable":true,"href":"https:\/\/kommet.fr\/index.php\/wp-json\/wp\/v2\/comments?post=43"}],"version-history":[{"count":21,"href":"https:\/\/kommet.fr\/index.php\/wp-json\/wp\/v2\/pages\/43\/revisions"}],"predecessor-version":[{"id":1716,"href":"https:\/\/kommet.fr\/index.php\/wp-json\/wp\/v2\/pages\/43\/revisions\/1716"}],"wp:attachment":[{"href":"https:\/\/kommet.fr\/index.php\/wp-json\/wp\/v2\/media?parent=43"}],"curies":[{"name":"wp","href":"https:\/\/api.w.org\/{rel}","templated":true}]}}