{"id":20,"date":"2019-04-22T23:57:28","date_gmt":"2019-04-22T21:57:28","guid":{"rendered":"http:\/\/kommet.fr\/?page_id=20"},"modified":"2025-09-01T14:06:44","modified_gmt":"2025-09-01T12:06:44","slug":"contact","status":"publish","type":"page","link":"https:\/\/kommet.fr\/index.php\/contact\/","title":{"rendered":"Contact"},"content":{"rendered":"<pre><strong>KOMMET<\/strong>\n14 rue Mortier\n69003 Lyon\n\n<strong>Adresse postale<\/strong>\nKOMMET\n8 place de la Croix-Rousse\n69004 Lyon\n\n<strong>En transport<\/strong>\nM\u00e9tro D arr\u00eat Guilloti\u00e8re\nBus C9 et C12 arr\u00eat Fosse aux Ours ou Guilloti\u00e8re Gabriel P\u00e9ri\nTram T1 arr\u00eat Guilloti\u00e8re Gabriel P\u00e9ri\n\n<strong>Entr\u00e9e libre et gratuite<\/strong>\nOuverture des expositions du mercredi au samedi de 14h \u00e0 18h ou sur rendez-vous\nFermeture du lieu les 24, 25 d\u00e9cembre, le 1er janvier et le 1er mai.\n\n<strong>\u00c9QUIPE<\/strong> \n<strong>\nDirection\n<\/strong><a href=\"https:\/\/www.emiliedornano.com\/\">\u00c9milie d'Ornano<\/a>\nDirectrice artistique, commissaire et critique ind\u00e9pendante\nMembre de C-E-A, association fran\u00e7aise des commissaires d'exposition\n\n<strong>Communication et m\u00e9diation culturelle\n<\/strong>Lou Balma--Picouly\n<a href=\"mailto:coordination@kommet.fr\">coordination(at)kommet.fr<\/a>\n<strong>\nM\u00e9diation culturelle et lien social\n<\/strong>Morgane Mainguy\n<a href=\"mailto:coordination@kommet.fr\">publics(at)kommet.fr<\/a>\n<strong>\nM\u00e9diation culturelle \n<\/strong>Emma Diximus<em>\nEn service civique\n\n<\/em><strong>Administration<\/strong>\nLucie Zourray\n\n<strong>Membres du bureau<\/strong> \nLorianne Ceccaldi\nClovis Billard\n\n<strong>Conseil d'administration<\/strong> \n\u00c9lise Fourch\u00e9\nRomy Sch\u00e4fer\n\n<strong>Pour \u00e9changer, soutenir ou collaborer <\/strong>\n<a href=\"mailto:contact@kommet.fr\">contact(at)kommet.fr<\/a>\n+ 33 (0)6 32 46 58 63\n\n<strong>Depuis 2019, KOMMET a pu compter sur l\u2019engagement et l\u2019\u00e9nergie \nde ses ancien\u00b7nes salari\u00e9\u00b7es, volontaires en service civique, \nartistes-intervenantes et stagiaires<\/strong>\nSiouzie Albiach, Marion Ay\u00e7aguer, Bella Bates, \nAgathe Berthou, Maurine Bonnet, Thelma Feydri, \nCanop\u00e9 Laperche-Calvo, Mathilde L\u00e9ger, \u00c9lo\u00efse Quessada, \nMarianne Rioual, Eliott Rouzaud, Floraine Saintes\net Zlata Teplyshova.<\/pre>\n","protected":false},"excerpt":{"rendered":"<p>KOMMET 14 rue Mortier 69003 Lyon Adresse postale KOMMET 8 place de la Croix-Rousse 69004 Lyon En transport M\u00e9tro D arr\u00eat Guilloti\u00e8re Bus C9 et C12 arr\u00eat Fosse aux Ours ou Guilloti\u00e8re Gabriel P\u00e9ri Tram T1 arr\u00eat Guilloti\u00e8re Gabriel P\u00e9ri Entr\u00e9e libre et gratuite Ouverture des expositions du mercredi au samedi de 14h \u00e0 18h &hellip; <\/p>\n<p class=\"link-more\"><a href=\"https:\/\/kommet.fr\/index.php\/contact\/\" class=\"more-link\">Continuer la lecture<span class=\"screen-reader-text\"> de &laquo;&nbsp;Contact&nbsp;&raquo;<\/span><\/a><\/p>\n","protected":false},"author":2,"featured_media":0,"parent":0,"menu_order":0,"comment_status":"closed","ping_status":"closed","template":"","meta":[],"_links":{"self":[{"href":"https:\/\/kommet.fr\/index.php\/wp-json\/wp\/v2\/pages\/20"}],"collection":[{"href":"https:\/\/kommet.fr\/index.php\/wp-json\/wp\/v2\/pages"}],"about":[{"href":"https:\/\/kommet.fr\/index.php\/wp-json\/wp\/v2\/types\/page"}],"author":[{"embeddable":true,"href":"https:\/\/kommet.fr\/index.php\/wp-json\/wp\/v2\/users\/2"}],"replies":[{"embeddable":true,"href":"https:\/\/kommet.fr\/index.php\/wp-json\/wp\/v2\/comments?post=20"}],"version-history":[{"count":58,"href":"https:\/\/kommet.fr\/index.php\/wp-json\/wp\/v2\/pages\/20\/revisions"}],"predecessor-version":[{"id":2282,"href":"https:\/\/kommet.fr\/index.php\/wp-json\/wp\/v2\/pages\/20\/revisions\/2282"}],"wp:attachment":[{"href":"https:\/\/kommet.fr\/index.php\/wp-json\/wp\/v2\/media?parent=20"}],"curies":[{"name":"wp","href":"https:\/\/api.w.org\/{rel}","templated":true}]}}