{"id":19,"date":"2019-04-22T23:57:27","date_gmt":"2019-04-22T21:57:27","guid":{"rendered":"http:\/\/kommet.fr\/?page_id=19"},"modified":"2026-02-15T12:52:26","modified_gmt":"2026-02-15T11:52:26","slug":"a-propos","status":"publish","type":"page","link":"https:\/\/kommet.fr\/index.php\/a-propos\/","title":{"rendered":"\u00c0 propos"},"content":{"rendered":"\n<p class=\"has-very-dark-gray-color has-text-color\"><strong>KOMMET <\/strong><\/p>\n\n\n\n<p>Fond\u00e9 en 2019 \u00e0 Lyon par \u00c9milie d\u2019Ornano, KOMMET est un centre d\u2019art associatif d\u00e9di\u00e9 \u00e0 la production et \u00e0 la diffusion de la cr\u00e9ation contemporaine. La programmation annuelle comprend cinq expositions personnelles et collectives, compl\u00e9t\u00e9es par des projets satellites (r\u00e9sidences, rencontres, initiatives hors les murs). Les expositions prennent forme \u00e0 partir d\u2019un commissariat relationnel, construit dans la dur\u00e9e avec les artistes et attentif aux contextes de monstration.<\/p>\n\n\n\n<p>KOMMET met en \u0153uvre des dispositifs de m\u00e9diation et de transmission en partenariat avec des \u00e9tablissements scolaires et des structures sociales, afin d\u2019ancrer la programmation dans des dynamiques collectives. Install\u00e9 dans le quartier de la Guilloti\u00e8re, le centre d\u2019art contribue \u00e0 la vie culturelle de son territoire et s\u2019inscrit dans les r\u00e9seaux professionnels de l\u2019art contemporain en France et \u00e0 l\u2019international.<\/p>\n\n\n\n<p>KOMMET est membre des r\u00e9seaux art contemporain AC\/\/RA et Adele. <\/p>\n\n\n\n<figure class=\"wp-block-image size-large\"><img loading=\"lazy\" width=\"1024\" height=\"683\" src=\"https:\/\/kommet.fr\/wp-content\/uploads\/2022\/01\/DSF9997-1024x683.jpeg\" alt=\"\" class=\"wp-image-1463\" srcset=\"https:\/\/kommet.fr\/wp-content\/uploads\/2022\/01\/DSF9997-1024x683.jpeg 1024w, https:\/\/kommet.fr\/wp-content\/uploads\/2022\/01\/DSF9997-300x200.jpeg 300w, https:\/\/kommet.fr\/wp-content\/uploads\/2022\/01\/DSF9997-768x512.jpeg 768w, https:\/\/kommet.fr\/wp-content\/uploads\/2022\/01\/DSF9997-1536x1024.jpeg 1536w, https:\/\/kommet.fr\/wp-content\/uploads\/2022\/01\/DSF9997-2048x1365.jpeg 2048w\" sizes=\"(max-width: 706px) 89vw, (max-width: 767px) 82vw, 740px\" \/><\/figure>\n\n\n\n<p>Founded in 2019 in Lyon by \u00c9milie d\u2019Ornano, KOMMET is a non-profit art center dedicated to the production and dissemination of contemporary art. The annual program includes five solo and group exhibitions, complemented by satellite projects (residencies, talks, and off-site initiatives). The exhibitions take shape through a relational curatorial approach, developed over time in close collaboration with artists and attentive to the contexts of display.<\/p>\n\n\n\n<p>KOMMET implements mediation and educational initiatives in partnership with schools and social organizations in order to embed its program within collective dynamics. Located in the Guilloti\u00e8re district, the art center contributes to the cultural life of its area and is actively engaged in professional contemporary art networks in France and internationally.<\/p>\n\n\n\n<p>KOMMET is a member of the contemporary art networks AC\/\/RA and Adele.<\/p>\n","protected":false},"excerpt":{"rendered":"<p>KOMMET Fond\u00e9 en 2019 \u00e0 Lyon par \u00c9milie d\u2019Ornano, KOMMET est un centre d\u2019art associatif d\u00e9di\u00e9 \u00e0 la production et \u00e0 la diffusion de la cr\u00e9ation contemporaine. La programmation annuelle comprend cinq expositions personnelles et collectives, compl\u00e9t\u00e9es par des projets satellites (r\u00e9sidences, rencontres, initiatives hors les murs). Les expositions prennent forme \u00e0 partir d\u2019un commissariat &hellip; <\/p>\n<p class=\"link-more\"><a href=\"https:\/\/kommet.fr\/index.php\/a-propos\/\" class=\"more-link\">Continuer la lecture<span class=\"screen-reader-text\"> de &laquo;&nbsp;\u00c0 propos&nbsp;&raquo;<\/span><\/a><\/p>\n","protected":false},"author":2,"featured_media":0,"parent":0,"menu_order":0,"comment_status":"closed","ping_status":"closed","template":"","meta":[],"_links":{"self":[{"href":"https:\/\/kommet.fr\/index.php\/wp-json\/wp\/v2\/pages\/19"}],"collection":[{"href":"https:\/\/kommet.fr\/index.php\/wp-json\/wp\/v2\/pages"}],"about":[{"href":"https:\/\/kommet.fr\/index.php\/wp-json\/wp\/v2\/types\/page"}],"author":[{"embeddable":true,"href":"https:\/\/kommet.fr\/index.php\/wp-json\/wp\/v2\/users\/2"}],"replies":[{"embeddable":true,"href":"https:\/\/kommet.fr\/index.php\/wp-json\/wp\/v2\/comments?post=19"}],"version-history":[{"count":13,"href":"https:\/\/kommet.fr\/index.php\/wp-json\/wp\/v2\/pages\/19\/revisions"}],"predecessor-version":[{"id":2389,"href":"https:\/\/kommet.fr\/index.php\/wp-json\/wp\/v2\/pages\/19\/revisions\/2389"}],"wp:attachment":[{"href":"https:\/\/kommet.fr\/index.php\/wp-json\/wp\/v2\/media?parent=19"}],"curies":[{"name":"wp","href":"https:\/\/api.w.org\/{rel}","templated":true}]}}