{"id":158,"date":"2019-04-24T14:09:38","date_gmt":"2019-04-24T12:09:38","guid":{"rendered":"http:\/\/kommet.fr\/?page_id=158"},"modified":"2026-04-28T20:48:49","modified_gmt":"2026-04-28T18:48:49","slug":"a-venir","status":"publish","type":"page","link":"https:\/\/kommet.fr\/","title":{"rendered":"\u00c0 venir"},"content":{"rendered":"\n<p class=\"has-text-align-center\"><strong>ROOM SERVICE<br>2\u00e8me \u00e9dition du festival lyonnais autour du design graphique<\/strong><\/p>\n\n\n\n<p class=\"has-text-align-center\"><strong>Vernissage \u00e0 KOMMET<br>le vendredi 1er mai \u00e0 partir de 18h<br><br>Exposition visible exceptionnellement tous les jours de 14h \u00e0 18h<br>jusqu&#8217;au vendredi 8 mai 2025<\/strong><\/p>\n\n\n\n<figure class=\"wp-block-image size-large\"><img loading=\"lazy\" width=\"768\" height=\"1024\" src=\"https:\/\/kommet.fr\/wp-content\/uploads\/2026\/04\/KOMMET_ROOMSERVICE-copie-768x1024.png\" alt=\"\" class=\"wp-image-2426\" srcset=\"https:\/\/kommet.fr\/wp-content\/uploads\/2026\/04\/KOMMET_ROOMSERVICE-copie-768x1024.png 768w, https:\/\/kommet.fr\/wp-content\/uploads\/2026\/04\/KOMMET_ROOMSERVICE-copie-225x300.png 225w, https:\/\/kommet.fr\/wp-content\/uploads\/2026\/04\/KOMMET_ROOMSERVICE-copie-1152x1536.png 1152w, https:\/\/kommet.fr\/wp-content\/uploads\/2026\/04\/KOMMET_ROOMSERVICE-copie-1536x2048.png 1536w\" sizes=\"(max-width: 706px) 89vw, (max-width: 767px) 82vw, 740px\" \/><\/figure>\n\n\n\n<p class=\"has-black-color has-text-color\"><strong>R\u00e9alit\u00e9(s)<\/strong><br><br>KOMMET accueille \u00ab R\u00e9alit\u00e9(s) \u00bb, une exposition qui met&nbsp;en lumi\u00e8re les liens \u00e9troits entre design graphique et fiction. \u00c0 travers des chroniques visuelles, le cin\u00e9ma et la narration, les productions d\u2019<strong>Ad\u00e8le Pavia<\/strong>, <strong>Dorian Pangallo<\/strong>, <strong>Alec Vivier-Reynaud<\/strong> et <strong>Julien Revel<\/strong> explorent les dispositifs de r\u00e9cit et proposent aux professionnel\u00b7les et aux curieux\u00b7ses du graphisme de d\u00e9couvrir les histoires que ces artistes, graphistes et plasticien\u00b7nes ont \u00e0 raconter.<br><br>Room Service renouvelle son invitation \u00e0 <strong>Camille Weber<\/strong>, peintre en lettres, qui vient d\u00e9ployer l&#8217;identit\u00e9 du festival sur la vitrine de KOMMET.&nbsp; \u00c0 cette occasion, elle propose un lettrage sur mesure pour &#8220;R\u00e9alit\u00e9(s).<br><br><strong>Une proposition d\u2019Alexandra Karaolanov, Agathe Masa et Alain Papazian.<\/strong><br><br><br><strong>Informations sur le festival&nbsp;<\/strong><br>ROOM SERVICE Festival revient \u00e0 Lyon pour une seconde \u00e9dition plac\u00e9e sous le signe de la cr\u00e9ation graphique contemporaine.&nbsp; Pendant plusieurs jours, du 30 avril au 8 mai 2026, le festival investit diff\u00e9rents lieux embl\u00e9matiques de la ville de Lyon afin de proposer une immersion compl\u00e8te dans les pratiques et les formes du design graphique d\u2019aujourd\u2019hui. Pens\u00e9 comme un espace de dialogue et de transmission, ROOM SERVICE Festival rassemble designer\u00b7euse\u00b7s, \u00e9tudiant\u00b7e\u00b7s, professionnel\u00b7le\u00b7s, amateur\u00b7ice\u00b7s et curieux\u00b7ses autour d\u2019une programmation vari\u00e9e. \u00c0 travers une diversit\u00e9 de formats \u2014 conf\u00e9rences, expositions, ateliers, projections, march\u00e9 graphique \u2014 le festival met en lumi\u00e8re la richesse des approches, du print, du digital, et de l\u2019exp\u00e9rimental au plus appliqu\u00e9.<br><br>Un \u00e9v\u00e8nement en partenariat avec l&#8217;Aquarium cin\u00e9-caf\u00e9, le macLYON, monop\u00f4le, le Tiers-Pop&#8217;, KOMMET. Avec le soutien de 205tf, l&#8217;\u00c9cole nationale sup\u00e9rieure des beaux-arts de Lyon et StickerApp.&nbsp;<\/p>\n\n\n\n<p><strong>Programme du festival :<\/strong><br>Jeudi 30 avril, soir\u00e9e de conf\u00e9rences au macLYON<br>Vendredi 1<sup>er<\/sup> mai \u00e0&nbsp;KOMMET et samedi 2 mai \u00e0&nbsp;monop\u00f4le&nbsp;pour des expositions avec le soutien officiel de Stickerapp. <br>Dimanche 3 mai pour une soir\u00e9e de projections \u00e0&nbsp;l&#8217;Aquarium cin\u00e9 caf\u00e9<br>Nouveaut\u00e9 cette ann\u00e9e : retrouvez aussi <em>Room Service <\/em>en journ\u00e9e du samedi 2 au dimanche 3 mai pour un march\u00e9 graphique et des ateliers au&nbsp;Tiers Pop. <\/p>\n\n\n\n<p><\/p>\n","protected":false},"excerpt":{"rendered":"<p>ROOM SERVICE2\u00e8me \u00e9dition du festival lyonnais autour du design graphique Vernissage \u00e0 KOMMETle vendredi 1er mai \u00e0 partir de 18h Exposition visible exceptionnellement tous les jours de 14h \u00e0 18hjusqu&#8217;au vendredi 8 mai 2025 R\u00e9alit\u00e9(s) KOMMET accueille \u00ab R\u00e9alit\u00e9(s) \u00bb, une exposition qui met&nbsp;en lumi\u00e8re les liens \u00e9troits entre design graphique et fiction. \u00c0 travers &hellip; <\/p>\n<p class=\"link-more\"><a href=\"https:\/\/kommet.fr\/\" class=\"more-link\">Continuer la lecture<span class=\"screen-reader-text\"> de &laquo;&nbsp;\u00c0 venir&nbsp;&raquo;<\/span><\/a><\/p>\n","protected":false},"author":2,"featured_media":0,"parent":0,"menu_order":0,"comment_status":"closed","ping_status":"closed","template":"","meta":[],"_links":{"self":[{"href":"https:\/\/kommet.fr\/index.php\/wp-json\/wp\/v2\/pages\/158"}],"collection":[{"href":"https:\/\/kommet.fr\/index.php\/wp-json\/wp\/v2\/pages"}],"about":[{"href":"https:\/\/kommet.fr\/index.php\/wp-json\/wp\/v2\/types\/page"}],"author":[{"embeddable":true,"href":"https:\/\/kommet.fr\/index.php\/wp-json\/wp\/v2\/users\/2"}],"replies":[{"embeddable":true,"href":"https:\/\/kommet.fr\/index.php\/wp-json\/wp\/v2\/comments?post=158"}],"version-history":[{"count":153,"href":"https:\/\/kommet.fr\/index.php\/wp-json\/wp\/v2\/pages\/158\/revisions"}],"predecessor-version":[{"id":2428,"href":"https:\/\/kommet.fr\/index.php\/wp-json\/wp\/v2\/pages\/158\/revisions\/2428"}],"wp:attachment":[{"href":"https:\/\/kommet.fr\/index.php\/wp-json\/wp\/v2\/media?parent=158"}],"curies":[{"name":"wp","href":"https:\/\/api.w.org\/{rel}","templated":true}]}}